{"id":53,"date":"2012-02-07T19:03:47","date_gmt":"2012-02-07T18:03:47","guid":{"rendered":"http:\/\/sandbox.wegrass.com\/grizzly\/?page_id=53"},"modified":"2024-11-10T20:50:14","modified_gmt":"2024-11-10T19:50:14","slug":"om-oss","status":"publish","type":"page","link":"https:\/\/smartsolutions.se\/?page_id=53","title":{"rendered":"Om oss"},"content":{"rendered":"<h3 class=\"section-title  section-lined\"><span>Organisation<\/span><\/h3>\n<p style=\"margin-left: 30px;\">Smart Solutions AB ing\u00e5r i koncernen Mecon Group AB. Mecongruppen \u00e4r verksam inom en rad olika branscher d\u00e4r Smart Solutions AB numera \u00e4r gruppens utvecklingsf\u00f6retag av tekniska produkter och tj\u00e4nster. Sen 2012 har Smart Solutions etablerat en egen f\u00f6rs\u00e4ljnings- och utvecklingsorganisation med fokus p\u00e5 tj\u00e4nsten Billiggare.se.<\/p>\n<h3 class=\"section-title  section-lined\"><span>Utveckling<\/span><\/h3>\n<p style=\"margin-left: 30px;\">Smart Solutions AB har sedan \u00e5r 2000 utvecklat tj\u00e4nster kring positionering. Den nuvarande plattformen \u00e4r v\u00e5r tredje generation d\u00e4r vi lagt tyngdpunkten p\u00e5 utbyggbar funktionalitet. Detta f\u00f6r att b\u00e4ttre m\u00f6ta de krav den snabbt v\u00e4xande branschen st\u00e4ller. Sedan b\u00f6rjan av 2012 har den elektroniska k\u00f6rjournalen Billiggare.se grunden f\u00f6r v\u00e5r nya plattform. D\u00e4refter utvecklade vi \u00e4ven funktionalitet f\u00f6r att hantera bilflottan p\u00e5 en karta och i november 2012 lanserade vi v\u00e5r iPhone-app f\u00f6r Billiggare.se med push-notiser. I b\u00f6rjan av 2013 lanserade vi \u00e4ven v\u00e5r Android-app som kompletterar v\u00e5r Iphone.app.<\/p>\n<p style=\"margin-left: 30px;\">Med flera innovativa funktioner och med anv\u00e4ndarv\u00e4nliga milj\u00f6er v\u00e5gar vi p\u00e5st\u00e5 att v\u00e5rt system \u00e4r det b\u00e4sta p\u00e5 marknaden. Alla l\u00f6sningar \u00e4r avsedda att f\u00f6renkla och effektivisera trafikledning och uppf\u00f6ljning av fordon och transporter. Gemensamt f\u00f6r v\u00e5ra l\u00f6sningar \u00e4r att de ska erbjuda en prisniv\u00e5 som g\u00f6r att investeringen betalar sig snabbt f\u00f6r att sedan g\u00f6ra s\u00e5 att ni b\u00e5de sparar milj\u00f6 och kostnader.<\/p>\n<h3 class=\"section-title  section-lined\"><span>Kunder<\/span><\/h3>\n<p style=\"margin-left: 30px;\">V\u00e5r kundbas \u00e4r i och med v\u00e5rt tj\u00e4nsteutbud v\u00e4ldigt bred med stor variation vad g\u00e4ller branscher, antal anst\u00e4llda och geografisk spridning. B\u00e5de f\u00f6retag och myndigheter har givit oss f\u00f6rtroendet d\u00e4r personalen anv\u00e4nder fordon i tj\u00e4nsten eller \u00e4r i behov av de s\u00e4kerhetstj\u00e4nster vi erbjuder.<\/p>\n","protected":false},"excerpt":{"rendered":"<p>Smart Solutions AB ing\u00e5r i koncernen Mecon Group AB. Mecongruppen \u00e4r verksam inom en rad olika branscher d\u00e4r Smart Solutions AB numera \u00e4r gruppens utvecklingsf\u00f6retag av tekniska produkter och tj\u00e4nster. Sen 2012 har Smart Solutions etablerat en egen f\u00f6rs\u00e4ljnings- och utvecklingsorganisation med fokus p\u00e5 tj\u00e4nsten Billiggare.se. Smart Solutions AB har sedan \u00e5r 2000 utvecklat tj\u00e4nster<\/p>\n<p><a href=\"https:\/\/smartsolutions.se\/?page_id=53\">L\u00e4s mer &rarr;<\/a><\/p>\n","protected":false},"author":3,"featured_media":0,"parent":0,"menu_order":2,"comment_status":"open","ping_status":"closed","template":"","meta":{"footnotes":""},"class_list":["post-53","page","type-page","status-publish","hentry"],"_links":{"self":[{"href":"https:\/\/smartsolutions.se\/index.php?rest_route=\/wp\/v2\/pages\/53","targetHints":{"allow":["GET"]}}],"collection":[{"href":"https:\/\/smartsolutions.se\/index.php?rest_route=\/wp\/v2\/pages"}],"about":[{"href":"https:\/\/smartsolutions.se\/index.php?rest_route=\/wp\/v2\/types\/page"}],"author":[{"embeddable":true,"href":"https:\/\/smartsolutions.se\/index.php?rest_route=\/wp\/v2\/users\/3"}],"replies":[{"embeddable":true,"href":"https:\/\/smartsolutions.se\/index.php?rest_route=%2Fwp%2Fv2%2Fcomments&post=53"}],"version-history":[{"count":15,"href":"https:\/\/smartsolutions.se\/index.php?rest_route=\/wp\/v2\/pages\/53\/revisions"}],"predecessor-version":[{"id":692,"href":"https:\/\/smartsolutions.se\/index.php?rest_route=\/wp\/v2\/pages\/53\/revisions\/692"}],"wp:attachment":[{"href":"https:\/\/smartsolutions.se\/index.php?rest_route=%2Fwp%2Fv2%2Fmedia&parent=53"}],"curies":[{"name":"wp","href":"https:\/\/api.w.org\/{rel}","templated":true}]}}