{"id":116,"date":"2024-11-10T09:29:54","date_gmt":"2024-11-10T08:29:54","guid":{"rendered":"http:\/\/grizzly-dev.wegrass.com\/?page_id=116"},"modified":"2024-11-10T20:38:57","modified_gmt":"2024-11-10T19:38:57","slug":"home-slides","status":"publish","type":"page","link":"https:\/\/smartsolutions.se\/","title":{"rendered":"Hem"},"content":{"rendered":"<h3 class=\"section-title  section-lined\"><span>V\u00e5ra tj\u00e4nster sparar tid!<\/span><\/h3>\n<p>Smart Solutions utvecklar tj\u00e4nster och l\u00f6sningar f\u00f6r positionering. Flera \u00e5rs utveckling har skapat s\u00e4kra och anv\u00e4ndarv\u00e4nliga tj\u00e4nster.<\/p>\n<div class=\"one_third \">\n<div class=\"app-frame\">\n<div class=\"photo-frame icon-watch\"><a href=\"https:\/\/smartsolutions.se\/?app=billiggare\"><img decoding=\"async\" src=\"https:\/\/smartsolutions.se\/wp-content\/uploads\/2012\/03\/billiggare-290x125.png\" alt=\"Billiggare.se\" title=\"Billiggare.se\" rel=\"tip\" \/><\/a><\/p>\n<div class=\"photo-frame-shadow\"><\/div>\n<\/div>\n<div class=\"app-info\"><img decoding=\"async\" src=\"https:\/\/smartsolutions.se\/wp-content\/uploads\/2012\/03\/Billiggare-ikon-120-56x56.png\" \/><\/p>\n<div class=\"title\"><a href=\"https:\/\/smartsolutions.se\/?app=billiggare\">Billiggare.se<\/a><\/div>\n<div class=\"category\">Android \/ iPad \/ iPhone \/ Webbtj\u00e4nst<\/div>\n<\/div>\n<\/div>\n<\/div>\n<div class=\"one_third \">\n<div class=\"app-frame\">\n<div class=\"photo-frame icon-watch\"><a href=\"https:\/\/smartsolutions.se\/?app=alkolas\"><img decoding=\"async\" src=\"https:\/\/smartsolutions.se\/wp-content\/uploads\/2012\/11\/SmartStart_Camilla-290x125.jpg\" alt=\"Alkol\u00e5s\" title=\"Alkol\u00e5s\" rel=\"tip\" \/><\/a><\/p>\n<div class=\"photo-frame-shadow\"><\/div>\n<\/div>\n<div class=\"app-info\"><img decoding=\"async\" src=\"https:\/\/smartsolutions.se\/wp-content\/uploads\/2012\/11\/malux_logga2-56x56.png\" \/><\/p>\n<div class=\"title\"><a href=\"https:\/\/smartsolutions.se\/?app=alkolas\">Alkol\u00e5s<\/a><\/div>\n<div class=\"category\">Leverant\u00f6r<\/div>\n<\/div>\n<\/div>\n<\/div>\n<div class=\"one_third last\">\n<div class=\"app-frame\">\n<div class=\"photo-frame icon-watch\"><a href=\"https:\/\/smartsolutions.se\/?app=wherehere\"><img decoding=\"async\" src=\"https:\/\/smartsolutions.se\/wp-content\/uploads\/2012\/02\/wherehere_skarmbild-290x125.png\" alt=\"WhereHere\" title=\"WhereHere\" rel=\"tip\" \/><\/a><\/p>\n<div class=\"photo-frame-shadow\"><\/div>\n<\/div>\n<div class=\"app-info\"><img decoding=\"async\" src=\"https:\/\/smartsolutions.se\/wp-content\/uploads\/2012\/02\/wherehere-small-logo.png\" \/><\/p>\n<div class=\"title\"><a href=\"https:\/\/smartsolutions.se\/?app=wherehere\">WhereHere<\/a><\/div>\n<div class=\"category\">Android \/ iPad \/ Webbtj\u00e4nst<\/div>\n<\/div>\n<\/div>\n<\/div>\n<div class=\"clear\"><\/div>\n<div class=\"clear\"><\/div>\n<div class=\"space\"><\/div>\n<div class=\"clear\"><\/div>\n<div class=\"space\"><\/div>\n<h3 class=\"section-title  section-lined\"><span>Senaste nytt<\/span><\/h3>\n<div class=\"one_third \">\n<div class=\"post-grid clearfix\">\n<div class=\"photo-frame icon-watch alignnone\"><a href=\"https:\/\/smartsolutions.se\/?p=570\"><img decoding=\"async\" src=\"https:\/\/smartsolutions.se\/wp-content\/uploads\/2013\/02\/banner-290x125.jpg\"><\/a><\/p>\n<div class=\"photo-frame-shadow\"><\/div>\n<\/div>\n<div class=\"post-grid-info\">\n<div class=\"post-title\"><a href=\"https:\/\/smartsolutions.se\/?p=570\">Billiggare.se \u00e4ven f\u00f6r Android<\/a><\/div>\n<div class=\"post-meta\"><span class=\"author\">Johan Tuomi<\/span> <span class=\"post-separator\"> \/ <\/span><span><time datetime=\"2013-03-13\">13 mars, 2013<\/time><\/span><\/div>\n<\/div>\n<\/div>\n<\/div>\n<div class=\"one_third \">\n<div class=\"post-grid clearfix\">\n<div class=\"photo-frame icon-watch alignnone\"><a href=\"https:\/\/smartsolutions.se\/?p=475\"><img decoding=\"async\" src=\"https:\/\/smartsolutions.se\/wp-content\/uploads\/2012\/11\/billiggare_header1-290x125.jpg\"><\/a><\/p>\n<div class=\"photo-frame-shadow\"><\/div>\n<\/div>\n<div class=\"post-grid-info\">\n<div class=\"post-title\"><a href=\"https:\/\/smartsolutions.se\/?p=475\">iPhone-app till Billiggare.se<\/a><\/div>\n<div class=\"post-meta\"><span class=\"author\">Johan Tuomi<\/span> <span class=\"post-separator\"> \/ <\/span><span><time datetime=\"2012-11-16\">16 november, 2012<\/time><\/span><\/div>\n<\/div>\n<\/div>\n<\/div>\n<div class=\"one_third last\">\n<div class=\"post-grid clearfix\">\n<div class=\"photo-frame icon-watch alignnone\"><a href=\"https:\/\/smartsolutions.se\/?p=462\"><img decoding=\"async\" src=\"https:\/\/smartsolutions.se\/wp-content\/uploads\/2012\/09\/Preem_header-290x125.jpg\"><\/a><\/p>\n<div class=\"photo-frame-shadow\"><\/div>\n<\/div>\n<div class=\"post-grid-info\">\n<div class=\"post-title\"><a href=\"https:\/\/smartsolutions.se\/?p=462\">Preems Facebook-kampanj &#8211; Evolutionbilen<\/a><\/div>\n<div class=\"post-meta\"><span class=\"author\">Johan Tuomi<\/span> <span class=\"post-separator\"> \/ <\/span><span><time datetime=\"2012-09-06\">6 september, 2012<\/time><\/span><\/div>\n<\/div>\n<\/div>\n<\/div>\n","protected":false},"excerpt":{"rendered":"<p>Smart Solutions utvecklar tj\u00e4nster och l\u00f6sningar f\u00f6r positionering. Flera \u00e5rs utveckling har skapat s\u00e4kra och anv\u00e4ndarv\u00e4nliga tj\u00e4nster.<\/p>\n","protected":false},"author":3,"featured_media":0,"parent":0,"menu_order":1,"comment_status":"open","ping_status":"closed","template":"template-slides.php","meta":{"footnotes":""},"class_list":["post-116","page","type-page","status-publish","hentry"],"_links":{"self":[{"href":"https:\/\/smartsolutions.se\/index.php?rest_route=\/wp\/v2\/pages\/116","targetHints":{"allow":["GET"]}}],"collection":[{"href":"https:\/\/smartsolutions.se\/index.php?rest_route=\/wp\/v2\/pages"}],"about":[{"href":"https:\/\/smartsolutions.se\/index.php?rest_route=\/wp\/v2\/types\/page"}],"author":[{"embeddable":true,"href":"https:\/\/smartsolutions.se\/index.php?rest_route=\/wp\/v2\/users\/3"}],"replies":[{"embeddable":true,"href":"https:\/\/smartsolutions.se\/index.php?rest_route=%2Fwp%2Fv2%2Fcomments&post=116"}],"version-history":[{"count":6,"href":"https:\/\/smartsolutions.se\/index.php?rest_route=\/wp\/v2\/pages\/116\/revisions"}],"predecessor-version":[{"id":601,"href":"https:\/\/smartsolutions.se\/index.php?rest_route=\/wp\/v2\/pages\/116\/revisions\/601"}],"wp:attachment":[{"href":"https:\/\/smartsolutions.se\/index.php?rest_route=%2Fwp%2Fv2%2Fmedia&parent=116"}],"curies":[{"name":"wp","href":"https:\/\/api.w.org\/{rel}","templated":true}]}}